{"id":9944,"date":"2024-01-15T21:48:16","date_gmt":"2024-01-15T20:48:16","guid":{"rendered":"https:\/\/www.sophieleleu.com\/contact\/"},"modified":"2024-04-09T08:33:51","modified_gmt":"2024-04-09T06:33:51","slug":"contact","status":"publish","type":"page","link":"https:\/\/www.sophieleleu.com\/en\/composer\/contact\/","title":{"rendered":"Contact"},"content":{"rendered":"\t\t<div data-elementor-type=\"wp-page\" data-elementor-id=\"9944\" class=\"elementor elementor-9944 elementor-8435\" data-elementor-post-type=\"page\">\n\t\t\t\t\t\t\t\t\t<section data-particle_enable=\"false\" data-particle-mobile-disabled=\"false\" class=\"elementor-section elementor-top-section elementor-element elementor-element-b3ef3d3 heroSection2  wrapper-wide elementor-section-boxed elementor-section-height-default elementor-section-height-default\" data-id=\"b3ef3d3\" data-element_type=\"section\" data-settings=\"{&quot;background_background&quot;:&quot;video&quot;,&quot;background_video_link&quot;:&quot;https:\\\/\\\/www.sophieleleu.com\\\/wp-content\\\/uploads\\\/2024\\\/01\\\/Marche.mp4&quot;,&quot;background_play_on_mobile&quot;:&quot;yes&quot;}\">\n\t\t\t\t\t\t\t\t<div class=\"elementor-background-video-container\">\n\t\t\t\t\t\t\t\t\t\t\t\t\t<video class=\"elementor-background-video-hosted elementor-html5-video\" autoplay muted playsinline loop><\/video>\n\t\t\t\t\t\t\t\t\t\t\t<\/div>\n\t\t\t\t\t\t\t\t<div class=\"elementor-container elementor-column-gap-default\">\n\t\t\t\t\t<div class=\"elementor-column elementor-col-100 elementor-top-column elementor-element elementor-element-f997e55\" data-id=\"f997e55\" data-element_type=\"column\">\n\t\t\t<div class=\"elementor-widget-wrap elementor-element-populated\">\n\t\t\t\t\t\t\t\t<div class=\"elementor-element elementor-element-8787b39 title elementor-invisible elementor-widget elementor-widget-aliothtextwrapper\" data-id=\"8787b39\" data-element_type=\"widget\" data-settings=\"{&quot;_animation&quot;:&quot;fadeIn&quot;}\" data-widget_type=\"aliothtextwrapper.default\">\n\t\t\t\t<div class=\"elementor-widget-container\">\n\t\t\t\n\n<div class=\"text-wrapper align-center\">\n\n    <h1 class=\"has-anim\" data-animation=\"linesUp\" data-duration=\"1.8\" data-delay=\"1\" data-stagger=\"0.02\">Contact<\/h1>\n<\/div>\n\n\n\t\t<\/div>\n\t\t\t\t<\/div>\n\t\t\t\t\t<\/div>\n\t\t<\/div>\n\t\t\t\t\t\t\t<\/div>\n\t\t<\/section>\n\t\t\t\t<section data-particle_enable=\"false\" data-particle-mobile-disabled=\"false\" class=\"elementor-section elementor-top-section elementor-element elementor-element-df78b05 wrapper-wide elementor-section-boxed elementor-section-height-default elementor-section-height-default\" data-id=\"df78b05\" data-element_type=\"section\">\n\t\t\t\t\t\t<div class=\"elementor-container elementor-column-gap-default\">\n\t\t\t\t\t<div class=\"elementor-column elementor-col-50 elementor-top-column elementor-element elementor-element-be5b6ce\" data-id=\"be5b6ce\" data-element_type=\"column\">\n\t\t\t<div class=\"elementor-widget-wrap elementor-element-populated\">\n\t\t\t\t\t\t\t\t<div class=\"elementor-element elementor-element-50eba4a elementor-widget elementor-widget-aliothtextwrapper\" data-id=\"50eba4a\" data-element_type=\"widget\" data-widget_type=\"aliothtextwrapper.default\">\n\t\t\t\t<div class=\"elementor-widget-container\">\n\t\t\t\n\n<div class=\"text-wrapper align-left\">\n\n    <h3 class=\"has-anim\" data-animation=\"charsUp\" data-duration=\"0.8\" data-delay=\"0.1\" data-stagger=\"0.01\">Don't hesitate to write to me, I'll get back to you as soon as possible...<\/h3>\n<\/div>\n\n\n\t\t<\/div>\n\t\t\t\t<\/div>\n\t\t\t\t<div class=\"elementor-element elementor-element-4084355 contactForm elementor-widget elementor-widget-shortcode\" data-id=\"4084355\" data-element_type=\"widget\" data-widget_type=\"shortcode.default\">\n\t\t\t\t<div class=\"elementor-widget-container\">\n\t\t\t\t\t<div class=\"elementor-shortcode\">\n<div class=\"wpcf7 no-js\" id=\"wpcf7-f500-o1\" lang=\"en-US\" dir=\"ltr\">\n<div class=\"screen-reader-response\"><p role=\"status\" aria-live=\"polite\" aria-atomic=\"true\"><\/p> <ul><\/ul><\/div>\n<form action=\"\/en\/wp-json\/wp\/v2\/pages\/9944#wpcf7-f500-o1\" method=\"post\" class=\"wpcf7-form init\" aria-label=\"Contact form\" novalidate=\"novalidate\" data-status=\"init\">\n<div style=\"display: none;\">\n<input type=\"hidden\" name=\"_wpcf7\" value=\"500\" \/>\n<input type=\"hidden\" name=\"_wpcf7_version\" value=\"5.8.6\" \/>\n<input type=\"hidden\" name=\"_wpcf7_locale\" value=\"en_US\" \/>\n<input type=\"hidden\" name=\"_wpcf7_unit_tag\" value=\"wpcf7-f500-o1\" \/>\n<input type=\"hidden\" name=\"_wpcf7_container_post\" value=\"0\" \/>\n<input type=\"hidden\" name=\"_wpcf7_posted_data_hash\" value=\"\" \/>\n<input type=\"hidden\" name=\"_wpcf7_recaptcha_response\" value=\"\" \/>\n<\/div>\n<div class=\"field-wrap\">\n   <label>\n     Votre nom*\n  <\/label>\n<span class=\"wpcf7-form-control-wrap\" data-name=\"your-name\"><input size=\"40\" class=\"wpcf7-form-control wpcf7-text wpcf7-validates-as-required\" aria-required=\"true\" aria-invalid=\"false\" value=\"\" type=\"text\" name=\"your-name\" \/><\/span>\n<\/div>\n<div class=\"field-wrap\">\n   <label>\n     Votre adresse E-mail*\n  <\/label>\n<span class=\"wpcf7-form-control-wrap\" data-name=\"your-email\"><input size=\"40\" class=\"wpcf7-form-control wpcf7-email wpcf7-validates-as-required wpcf7-text wpcf7-validates-as-email\" aria-required=\"true\" aria-invalid=\"false\" value=\"\" type=\"email\" name=\"your-email\" \/><\/span>\n<\/div>\n\n<div class=\"field-wrap\">\n   <label>\n     Votre num\u00e9ro de t\u00e9l\u00e9phone\n  <\/label>\n<span class=\"wpcf7-form-control-wrap\" data-name=\"your-phone\"><input size=\"40\" class=\"wpcf7-form-control wpcf7-text\" aria-invalid=\"false\" value=\"\" type=\"text\" name=\"your-phone\" \/><\/span>\n<\/div>\n\n\n<div class=\"message-wrap\">\n   <label>\n    Votre message*\n  <\/label>\n<span class=\"wpcf7-form-control-wrap\" data-name=\"your-message\"><textarea cols=\"40\" rows=\"10\" class=\"wpcf7-form-control wpcf7-textarea wpcf7-validates-as-required\" aria-required=\"true\" aria-invalid=\"false\" name=\"your-message\"><\/textarea><\/span>\n<\/div>\n<div class=\"send-wrap\">\n<input class=\"wpcf7-form-control wpcf7-submit has-spinner\" type=\"submit\" value=\"Envoyer\" \/>\n <\/div><div class=\"wpcf7-response-output\" aria-hidden=\"true\"><\/div>\n<\/form>\n<\/div>\n<\/div>\n\t\t\t\t<\/div>\n\t\t\t\t<\/div>\n\t\t\t\t\t<\/div>\n\t\t<\/div>\n\t\t\t\t<div class=\"elementor-column elementor-col-50 elementor-top-column elementor-element elementor-element-49bf207\" data-id=\"49bf207\" data-element_type=\"column\">\n\t\t\t<div class=\"elementor-widget-wrap elementor-element-populated\">\n\t\t\t\t\t\t\t\t<div class=\"elementor-element elementor-element-7b99564 elementor-widget elementor-widget-image\" data-id=\"7b99564\" data-element_type=\"widget\" data-widget_type=\"image.default\">\n\t\t\t\t<div class=\"elementor-widget-container\">\n\t\t\t<style>\/*! elementor - v3.18.0 - 20-12-2023 *\/\n.elementor-widget-image{text-align:center}.elementor-widget-image a{display:inline-block}.elementor-widget-image a img[src$=\".svg\"]{width:48px}.elementor-widget-image img{vertical-align:middle;display:inline-block}<\/style>\t\t\t\t\t\t\t\t\t\t\t\t<img fetchpriority=\"high\" decoding=\"async\" width=\"2560\" height=\"1438\" src=\"https:\/\/www.sophieleleu.com\/wp-content\/uploads\/2024\/01\/Reflet-scaled.jpg\" class=\"attachment-full size-full wp-image-6107\" alt=\"\" srcset=\"https:\/\/www.sophieleleu.com\/wp-content\/uploads\/2024\/01\/Reflet-scaled.jpg 2560w, https:\/\/www.sophieleleu.com\/wp-content\/uploads\/2024\/01\/Reflet-300x169.jpg 300w, https:\/\/www.sophieleleu.com\/wp-content\/uploads\/2024\/01\/Reflet-1024x575.jpg 1024w, https:\/\/www.sophieleleu.com\/wp-content\/uploads\/2024\/01\/Reflet-768x431.jpg 768w, https:\/\/www.sophieleleu.com\/wp-content\/uploads\/2024\/01\/Reflet-1536x863.jpg 1536w, https:\/\/www.sophieleleu.com\/wp-content\/uploads\/2024\/01\/Reflet-2048x1151.jpg 2048w\" sizes=\"(max-width: 2560px) 100vw, 2560px\" \/>\t\t\t\t\t\t\t\t\t\t\t\t\t\t\t<\/div>\n\t\t\t\t<\/div>\n\t\t\t\t\t<\/div>\n\t\t<\/div>\n\t\t\t\t\t\t\t<\/div>\n\t\t<\/section>\n\t\t\t\t\t\t\t<\/div>\n\t\t","protected":false},"excerpt":{"rendered":"<p>Contact Don&#8217;t hesitate to write to me, I&#8217;ll get back to you as soon as possible&#8230;<\/p>\n","protected":false},"author":1,"featured_media":0,"parent":9943,"menu_order":0,"comment_status":"closed","ping_status":"closed","template":"","meta":{"footnotes":""},"class_list":["post-9944","page","type-page","status-publish","hentry"],"acf":[],"_links":{"self":[{"href":"https:\/\/www.sophieleleu.com\/en\/wp-json\/wp\/v2\/pages\/9944","targetHints":{"allow":["GET"]}}],"collection":[{"href":"https:\/\/www.sophieleleu.com\/en\/wp-json\/wp\/v2\/pages"}],"about":[{"href":"https:\/\/www.sophieleleu.com\/en\/wp-json\/wp\/v2\/types\/page"}],"author":[{"embeddable":true,"href":"https:\/\/www.sophieleleu.com\/en\/wp-json\/wp\/v2\/users\/1"}],"replies":[{"embeddable":true,"href":"https:\/\/www.sophieleleu.com\/en\/wp-json\/wp\/v2\/comments?post=9944"}],"version-history":[{"count":2,"href":"https:\/\/www.sophieleleu.com\/en\/wp-json\/wp\/v2\/pages\/9944\/revisions"}],"predecessor-version":[{"id":12793,"href":"https:\/\/www.sophieleleu.com\/en\/wp-json\/wp\/v2\/pages\/9944\/revisions\/12793"}],"up":[{"embeddable":true,"href":"https:\/\/www.sophieleleu.com\/en\/wp-json\/wp\/v2\/pages\/9943"}],"wp:attachment":[{"href":"https:\/\/www.sophieleleu.com\/en\/wp-json\/wp\/v2\/media?parent=9944"}],"curies":[{"name":"wp","href":"https:\/\/api.w.org\/{rel}","templated":true}]}}