{"id":9826,"date":"2024-01-04T11:35:47","date_gmt":"2024-01-04T10:35:47","guid":{"rendered":"https:\/\/www.sophieleleu.com\/photos\/nancy-tang-nixon-in-china-theatre-du-chatelet\/"},"modified":"2024-01-22T22:50:40","modified_gmt":"2024-01-22T21:50:40","slug":"nancy-tang-nixon-in-china-theatre-du-chatelet","status":"publish","type":"page","link":"https:\/\/www.sophieleleu.com\/en\/mezzo-soprano\/photos\/nancy-tang-nixon-in-china-theatre-du-chatelet\/","title":{"rendered":"Nancy Tang \/ Nixon in China \/ Th\u00e9\u00e2tre du Ch\u00e2telet"},"content":{"rendered":"\t\t<div data-elementor-type=\"wp-page\" data-elementor-id=\"9826\" class=\"elementor elementor-9826 elementor-3278\" data-elementor-post-type=\"page\">\n\t\t\t\t\t\t\t\t\t<section data-particle_enable=\"false\" data-particle-mobile-disabled=\"false\" class=\"elementor-section elementor-top-section elementor-element elementor-element-b3ef3d3 heroSection2  wrapper-wide elementor-section-boxed elementor-section-height-default elementor-section-height-default\" data-id=\"b3ef3d3\" data-element_type=\"section\" data-settings=\"{&quot;background_background&quot;:&quot;classic&quot;}\">\n\t\t\t\t\t\t<div class=\"elementor-container elementor-column-gap-default\">\n\t\t\t\t\t<div class=\"elementor-column elementor-col-100 elementor-top-column elementor-element elementor-element-f997e55\" data-id=\"f997e55\" data-element_type=\"column\">\n\t\t\t<div class=\"elementor-widget-wrap elementor-element-populated\">\n\t\t\t\t\t\t\t\t<div class=\"elementor-element elementor-element-38cad4d title elementor-invisible elementor-widget elementor-widget-heading\" data-id=\"38cad4d\" data-element_type=\"widget\" data-settings=\"{&quot;_animation&quot;:&quot;fadeInUp&quot;,&quot;_animation_delay&quot;:200}\" data-widget_type=\"heading.default\">\n\t\t\t\t<div class=\"elementor-widget-container\">\n\t\t\t<style>\/*! elementor - v3.18.0 - 20-12-2023 *\/\n.elementor-heading-title{padding:0;margin:0;line-height:1}.elementor-widget-heading .elementor-heading-title[class*=elementor-size-]>a{color:inherit;font-size:inherit;line-height:inherit}.elementor-widget-heading .elementor-heading-title.elementor-size-small{font-size:15px}.elementor-widget-heading .elementor-heading-title.elementor-size-medium{font-size:19px}.elementor-widget-heading .elementor-heading-title.elementor-size-large{font-size:29px}.elementor-widget-heading .elementor-heading-title.elementor-size-xl{font-size:39px}.elementor-widget-heading .elementor-heading-title.elementor-size-xxl{font-size:59px}<\/style><h1 class=\"elementor-heading-title elementor-size-default\">Nancy Tang \/ Nixon in China <\/h1>\t\t<\/div>\n\t\t\t\t<\/div>\n\t\t\t\t<div class=\"elementor-element elementor-element-aef06a3 title title2 animated-slow elementor-invisible elementor-widget elementor-widget-heading\" data-id=\"aef06a3\" data-element_type=\"widget\" data-settings=\"{&quot;_animation&quot;:&quot;fadeInUp&quot;,&quot;_animation_delay&quot;:150}\" data-widget_type=\"heading.default\">\n\t\t\t\t<div class=\"elementor-widget-container\">\n\t\t\t<h2 class=\"elementor-heading-title elementor-size-default\">Th\u00e9\u00e2tre du Ch\u00e2telet<\/h2>\t\t<\/div>\n\t\t\t\t<\/div>\n\t\t\t\t\t<\/div>\n\t\t<\/div>\n\t\t\t\t\t\t\t<\/div>\n\t\t<\/section>\n\t\t<div data-particle_enable=\"false\" data-particle-mobile-disabled=\"false\" class=\"elementor-element elementor-element-3de20d1 agenda e-flex e-con-boxed e-con e-parent\" data-id=\"3de20d1\" data-element_type=\"container\" data-settings=\"{&quot;background_background&quot;:&quot;classic&quot;,&quot;content_width&quot;:&quot;boxed&quot;}\" data-core-v316-plus=\"true\">\n\t\t\t\t\t<div class=\"e-con-inner\">\n\t\t\t\t<div class=\"elementor-element elementor-element-93fefd9 elementor-widget elementor-widget-image-gallery\" data-id=\"93fefd9\" data-element_type=\"widget\" data-widget_type=\"image-gallery.default\">\n\t\t\t\t<div class=\"elementor-widget-container\">\n\t\t\t<style>\/*! elementor - v3.18.0 - 20-12-2023 *\/\n.elementor-image-gallery .gallery-item{display:inline-block;text-align:center;vertical-align:top;width:100%;max-width:100%;margin:0 auto}.elementor-image-gallery .gallery-item img{margin:0 auto}.elementor-image-gallery .gallery-item .gallery-caption{margin:0}.elementor-image-gallery figure img{display:block}.elementor-image-gallery figure figcaption{width:100%}.gallery-spacing-custom .elementor-image-gallery .gallery-icon{padding:0}@media (min-width:768px){.elementor-image-gallery .gallery-columns-2 .gallery-item{max-width:50%}.elementor-image-gallery .gallery-columns-3 .gallery-item{max-width:33.33%}.elementor-image-gallery .gallery-columns-4 .gallery-item{max-width:25%}.elementor-image-gallery .gallery-columns-5 .gallery-item{max-width:20%}.elementor-image-gallery .gallery-columns-6 .gallery-item{max-width:16.666%}.elementor-image-gallery .gallery-columns-7 .gallery-item{max-width:14.28%}.elementor-image-gallery .gallery-columns-8 .gallery-item{max-width:12.5%}.elementor-image-gallery .gallery-columns-9 .gallery-item{max-width:11.11%}.elementor-image-gallery .gallery-columns-10 .gallery-item{max-width:10%}}@media (min-width:480px) and (max-width:767px){.elementor-image-gallery .gallery.gallery-columns-2 .gallery-item,.elementor-image-gallery .gallery.gallery-columns-3 .gallery-item,.elementor-image-gallery .gallery.gallery-columns-4 .gallery-item,.elementor-image-gallery .gallery.gallery-columns-5 .gallery-item,.elementor-image-gallery .gallery.gallery-columns-6 .gallery-item,.elementor-image-gallery .gallery.gallery-columns-7 .gallery-item,.elementor-image-gallery .gallery.gallery-columns-8 .gallery-item,.elementor-image-gallery .gallery.gallery-columns-9 .gallery-item,.elementor-image-gallery .gallery.gallery-columns-10 .gallery-item{max-width:50%}}@media (max-width:479px){.elementor-image-gallery .gallery.gallery-columns-2 .gallery-item,.elementor-image-gallery .gallery.gallery-columns-3 .gallery-item,.elementor-image-gallery .gallery.gallery-columns-4 .gallery-item,.elementor-image-gallery .gallery.gallery-columns-5 .gallery-item,.elementor-image-gallery .gallery.gallery-columns-6 .gallery-item,.elementor-image-gallery .gallery.gallery-columns-7 .gallery-item,.elementor-image-gallery .gallery.gallery-columns-8 .gallery-item,.elementor-image-gallery .gallery.gallery-columns-9 .gallery-item,.elementor-image-gallery .gallery.gallery-columns-10 .gallery-item{max-width:100%}}<\/style>\t\t<div class=\"elementor-image-gallery\">\n\t\t\t<div id='gallery-1' class='gallery galleryid-9826 gallery-columns-2 gallery-size-1536x1536'><figure class='gallery-item'>\n\t\t\t<div class='gallery-icon landscape'>\n\t\t\t\t<a data-elementor-open-lightbox=\"yes\" data-elementor-lightbox-slideshow=\"93fefd9\" data-elementor-lightbox-title=\"Capture d\u00e9cran 2024-01-04 \u00e0 14.09.05\" data-e-action-hash=\"#elementor-action%3Aaction%3Dlightbox%26settings%3DeyJpZCI6OTIxMSwidXJsIjoiaHR0cHM6XC9cL3d3dy5zb3BoaWVsZWxldS5jb21cL3dwLWNvbnRlbnRcL3VwbG9hZHNcLzIwMjRcLzAxXC9DYXB0dXJlLWRlY3Jhbi0yMDI0LTAxLTA0LWEtMTQuMDkuMDUucG5nIiwic2xpZGVzaG93IjoiOTNmZWZkOSJ9\" href='https:\/\/www.sophieleleu.com\/wp-content\/uploads\/2024\/01\/Capture-decran-2024-01-04-a-14.09.05.png'><img fetchpriority=\"high\" decoding=\"async\" width=\"1536\" height=\"960\" src=\"https:\/\/www.sophieleleu.com\/wp-content\/uploads\/2024\/01\/Capture-decran-2024-01-04-a-14.09.05-1536x960.png\" class=\"attachment-1536x1536 size-1536x1536\" alt=\"\" srcset=\"https:\/\/www.sophieleleu.com\/wp-content\/uploads\/2024\/01\/Capture-decran-2024-01-04-a-14.09.05-1536x960.png 1536w, https:\/\/www.sophieleleu.com\/wp-content\/uploads\/2024\/01\/Capture-decran-2024-01-04-a-14.09.05-300x188.png 300w, https:\/\/www.sophieleleu.com\/wp-content\/uploads\/2024\/01\/Capture-decran-2024-01-04-a-14.09.05-1024x640.png 1024w, https:\/\/www.sophieleleu.com\/wp-content\/uploads\/2024\/01\/Capture-decran-2024-01-04-a-14.09.05-768x480.png 768w, https:\/\/www.sophieleleu.com\/wp-content\/uploads\/2024\/01\/Capture-decran-2024-01-04-a-14.09.05-2048x1280.png 2048w, https:\/\/www.sophieleleu.com\/wp-content\/uploads\/2024\/01\/Capture-decran-2024-01-04-a-14.09.05.png 1920w\" sizes=\"(max-width: 1536px) 100vw, 1536px\" \/><\/a>\n\t\t\t<\/div><\/figure><figure class='gallery-item'>\n\t\t\t<div class='gallery-icon landscape'>\n\t\t\t\t<a data-elementor-open-lightbox=\"yes\" data-elementor-lightbox-slideshow=\"93fefd9\" data-elementor-lightbox-title=\"Capture d\u00e9cran 2024-01-04 \u00e0 14.09.20\" data-e-action-hash=\"#elementor-action%3Aaction%3Dlightbox%26settings%3DeyJpZCI6OTIxMiwidXJsIjoiaHR0cHM6XC9cL3d3dy5zb3BoaWVsZWxldS5jb21cL3dwLWNvbnRlbnRcL3VwbG9hZHNcLzIwMjRcLzAxXC9DYXB0dXJlLWRlY3Jhbi0yMDI0LTAxLTA0LWEtMTQuMDkuMjAucG5nIiwic2xpZGVzaG93IjoiOTNmZWZkOSJ9\" href='https:\/\/www.sophieleleu.com\/wp-content\/uploads\/2024\/01\/Capture-decran-2024-01-04-a-14.09.20.png'><img decoding=\"async\" width=\"1536\" height=\"960\" src=\"https:\/\/www.sophieleleu.com\/wp-content\/uploads\/2024\/01\/Capture-decran-2024-01-04-a-14.09.20-1536x960.png\" class=\"attachment-1536x1536 size-1536x1536\" alt=\"\" srcset=\"https:\/\/www.sophieleleu.com\/wp-content\/uploads\/2024\/01\/Capture-decran-2024-01-04-a-14.09.20-1536x960.png 1536w, https:\/\/www.sophieleleu.com\/wp-content\/uploads\/2024\/01\/Capture-decran-2024-01-04-a-14.09.20-300x188.png 300w, https:\/\/www.sophieleleu.com\/wp-content\/uploads\/2024\/01\/Capture-decran-2024-01-04-a-14.09.20-1024x640.png 1024w, https:\/\/www.sophieleleu.com\/wp-content\/uploads\/2024\/01\/Capture-decran-2024-01-04-a-14.09.20-768x480.png 768w, https:\/\/www.sophieleleu.com\/wp-content\/uploads\/2024\/01\/Capture-decran-2024-01-04-a-14.09.20-2048x1280.png 2048w, https:\/\/www.sophieleleu.com\/wp-content\/uploads\/2024\/01\/Capture-decran-2024-01-04-a-14.09.20.png 1920w\" sizes=\"(max-width: 1536px) 100vw, 1536px\" \/><\/a>\n\t\t\t<\/div><\/figure><figure class='gallery-item'>\n\t\t\t<div class='gallery-icon landscape'>\n\t\t\t\t<a data-elementor-open-lightbox=\"yes\" data-elementor-lightbox-slideshow=\"93fefd9\" data-elementor-lightbox-title=\"Capture d\u00e9cran 2024-01-04 \u00e0 14.22.14\" data-e-action-hash=\"#elementor-action%3Aaction%3Dlightbox%26settings%3DeyJpZCI6OTIyMiwidXJsIjoiaHR0cHM6XC9cL3d3dy5zb3BoaWVsZWxldS5jb21cL3dwLWNvbnRlbnRcL3VwbG9hZHNcLzIwMjRcLzAxXC9DYXB0dXJlLWRlY3Jhbi0yMDI0LTAxLTA0LWEtMTQuMjIuMTQucG5nIiwic2xpZGVzaG93IjoiOTNmZWZkOSJ9\" href='https:\/\/www.sophieleleu.com\/wp-content\/uploads\/2024\/01\/Capture-decran-2024-01-04-a-14.22.14.png'><img decoding=\"async\" width=\"1536\" height=\"960\" src=\"https:\/\/www.sophieleleu.com\/wp-content\/uploads\/2024\/01\/Capture-decran-2024-01-04-a-14.22.14-1536x960.png\" class=\"attachment-1536x1536 size-1536x1536\" alt=\"\" srcset=\"https:\/\/www.sophieleleu.com\/wp-content\/uploads\/2024\/01\/Capture-decran-2024-01-04-a-14.22.14-1536x960.png 1536w, https:\/\/www.sophieleleu.com\/wp-content\/uploads\/2024\/01\/Capture-decran-2024-01-04-a-14.22.14-300x188.png 300w, https:\/\/www.sophieleleu.com\/wp-content\/uploads\/2024\/01\/Capture-decran-2024-01-04-a-14.22.14-1024x640.png 1024w, https:\/\/www.sophieleleu.com\/wp-content\/uploads\/2024\/01\/Capture-decran-2024-01-04-a-14.22.14-768x480.png 768w, https:\/\/www.sophieleleu.com\/wp-content\/uploads\/2024\/01\/Capture-decran-2024-01-04-a-14.22.14-2048x1280.png 2048w, https:\/\/www.sophieleleu.com\/wp-content\/uploads\/2024\/01\/Capture-decran-2024-01-04-a-14.22.14.png 1920w\" sizes=\"(max-width: 1536px) 100vw, 1536px\" \/><\/a>\n\t\t\t<\/div><\/figure><figure class='gallery-item'>\n\t\t\t<div class='gallery-icon landscape'>\n\t\t\t\t<a data-elementor-open-lightbox=\"yes\" data-elementor-lightbox-slideshow=\"93fefd9\" data-elementor-lightbox-title=\"Capture d\u00e9cran 2024-01-04 \u00e0 14.13.00\" data-e-action-hash=\"#elementor-action%3Aaction%3Dlightbox%26settings%3DeyJpZCI6OTIxNSwidXJsIjoiaHR0cHM6XC9cL3d3dy5zb3BoaWVsZWxldS5jb21cL3dwLWNvbnRlbnRcL3VwbG9hZHNcLzIwMjRcLzAxXC9DYXB0dXJlLWRlY3Jhbi0yMDI0LTAxLTA0LWEtMTQuMTMuMDAucG5nIiwic2xpZGVzaG93IjoiOTNmZWZkOSJ9\" href='https:\/\/www.sophieleleu.com\/wp-content\/uploads\/2024\/01\/Capture-decran-2024-01-04-a-14.13.00.png'><img loading=\"lazy\" decoding=\"async\" width=\"1536\" height=\"960\" src=\"https:\/\/www.sophieleleu.com\/wp-content\/uploads\/2024\/01\/Capture-decran-2024-01-04-a-14.13.00-1536x960.png\" class=\"attachment-1536x1536 size-1536x1536\" alt=\"\" srcset=\"https:\/\/www.sophieleleu.com\/wp-content\/uploads\/2024\/01\/Capture-decran-2024-01-04-a-14.13.00-1536x960.png 1536w, https:\/\/www.sophieleleu.com\/wp-content\/uploads\/2024\/01\/Capture-decran-2024-01-04-a-14.13.00-300x188.png 300w, https:\/\/www.sophieleleu.com\/wp-content\/uploads\/2024\/01\/Capture-decran-2024-01-04-a-14.13.00-1024x640.png 1024w, https:\/\/www.sophieleleu.com\/wp-content\/uploads\/2024\/01\/Capture-decran-2024-01-04-a-14.13.00-768x480.png 768w, https:\/\/www.sophieleleu.com\/wp-content\/uploads\/2024\/01\/Capture-decran-2024-01-04-a-14.13.00-2048x1280.png 2048w, https:\/\/www.sophieleleu.com\/wp-content\/uploads\/2024\/01\/Capture-decran-2024-01-04-a-14.13.00.png 1920w\" sizes=\"(max-width: 1536px) 100vw, 1536px\" \/><\/a>\n\t\t\t<\/div><\/figure><figure class='gallery-item'>\n\t\t\t<div class='gallery-icon landscape'>\n\t\t\t\t<a data-elementor-open-lightbox=\"yes\" data-elementor-lightbox-slideshow=\"93fefd9\" data-elementor-lightbox-title=\"Capture d\u00e9cran 2024-01-04 \u00e0 14.15.08\" data-e-action-hash=\"#elementor-action%3Aaction%3Dlightbox%26settings%3DeyJpZCI6OTIxNiwidXJsIjoiaHR0cHM6XC9cL3d3dy5zb3BoaWVsZWxldS5jb21cL3dwLWNvbnRlbnRcL3VwbG9hZHNcLzIwMjRcLzAxXC9DYXB0dXJlLWRlY3Jhbi0yMDI0LTAxLTA0LWEtMTQuMTUuMDgucG5nIiwic2xpZGVzaG93IjoiOTNmZWZkOSJ9\" href='https:\/\/www.sophieleleu.com\/wp-content\/uploads\/2024\/01\/Capture-decran-2024-01-04-a-14.15.08.png'><img loading=\"lazy\" decoding=\"async\" width=\"1536\" height=\"960\" src=\"https:\/\/www.sophieleleu.com\/wp-content\/uploads\/2024\/01\/Capture-decran-2024-01-04-a-14.15.08-1536x960.png\" class=\"attachment-1536x1536 size-1536x1536\" alt=\"\" srcset=\"https:\/\/www.sophieleleu.com\/wp-content\/uploads\/2024\/01\/Capture-decran-2024-01-04-a-14.15.08-1536x960.png 1536w, https:\/\/www.sophieleleu.com\/wp-content\/uploads\/2024\/01\/Capture-decran-2024-01-04-a-14.15.08-300x188.png 300w, https:\/\/www.sophieleleu.com\/wp-content\/uploads\/2024\/01\/Capture-decran-2024-01-04-a-14.15.08-1024x640.png 1024w, https:\/\/www.sophieleleu.com\/wp-content\/uploads\/2024\/01\/Capture-decran-2024-01-04-a-14.15.08-768x480.png 768w, https:\/\/www.sophieleleu.com\/wp-content\/uploads\/2024\/01\/Capture-decran-2024-01-04-a-14.15.08-2048x1280.png 2048w, https:\/\/www.sophieleleu.com\/wp-content\/uploads\/2024\/01\/Capture-decran-2024-01-04-a-14.15.08.png 1920w\" sizes=\"(max-width: 1536px) 100vw, 1536px\" \/><\/a>\n\t\t\t<\/div><\/figure><figure class='gallery-item'>\n\t\t\t<div class='gallery-icon landscape'>\n\t\t\t\t<a data-elementor-open-lightbox=\"yes\" data-elementor-lightbox-slideshow=\"93fefd9\" data-elementor-lightbox-title=\"Capture d\u00e9cran 2024-01-04 \u00e0 14.16.10\" data-e-action-hash=\"#elementor-action%3Aaction%3Dlightbox%26settings%3DeyJpZCI6OTIxNywidXJsIjoiaHR0cHM6XC9cL3d3dy5zb3BoaWVsZWxldS5jb21cL3dwLWNvbnRlbnRcL3VwbG9hZHNcLzIwMjRcLzAxXC9DYXB0dXJlLWRlY3Jhbi0yMDI0LTAxLTA0LWEtMTQuMTYuMTAucG5nIiwic2xpZGVzaG93IjoiOTNmZWZkOSJ9\" href='https:\/\/www.sophieleleu.com\/wp-content\/uploads\/2024\/01\/Capture-decran-2024-01-04-a-14.16.10.png'><img loading=\"lazy\" decoding=\"async\" width=\"1536\" height=\"960\" src=\"https:\/\/www.sophieleleu.com\/wp-content\/uploads\/2024\/01\/Capture-decran-2024-01-04-a-14.16.10-1536x960.png\" class=\"attachment-1536x1536 size-1536x1536\" alt=\"\" srcset=\"https:\/\/www.sophieleleu.com\/wp-content\/uploads\/2024\/01\/Capture-decran-2024-01-04-a-14.16.10-1536x960.png 1536w, https:\/\/www.sophieleleu.com\/wp-content\/uploads\/2024\/01\/Capture-decran-2024-01-04-a-14.16.10-300x188.png 300w, https:\/\/www.sophieleleu.com\/wp-content\/uploads\/2024\/01\/Capture-decran-2024-01-04-a-14.16.10-1024x640.png 1024w, https:\/\/www.sophieleleu.com\/wp-content\/uploads\/2024\/01\/Capture-decran-2024-01-04-a-14.16.10-768x480.png 768w, https:\/\/www.sophieleleu.com\/wp-content\/uploads\/2024\/01\/Capture-decran-2024-01-04-a-14.16.10-2048x1280.png 2048w, https:\/\/www.sophieleleu.com\/wp-content\/uploads\/2024\/01\/Capture-decran-2024-01-04-a-14.16.10.png 1920w\" sizes=\"(max-width: 1536px) 100vw, 1536px\" \/><\/a>\n\t\t\t<\/div><\/figure><figure class='gallery-item'>\n\t\t\t<div class='gallery-icon landscape'>\n\t\t\t\t<a data-elementor-open-lightbox=\"yes\" data-elementor-lightbox-slideshow=\"93fefd9\" data-elementor-lightbox-title=\"Capture d\u00e9cran 2024-01-04 \u00e0 14.17.38\" data-e-action-hash=\"#elementor-action%3Aaction%3Dlightbox%26settings%3DeyJpZCI6OTIxOCwidXJsIjoiaHR0cHM6XC9cL3d3dy5zb3BoaWVsZWxldS5jb21cL3dwLWNvbnRlbnRcL3VwbG9hZHNcLzIwMjRcLzAxXC9DYXB0dXJlLWRlY3Jhbi0yMDI0LTAxLTA0LWEtMTQuMTcuMzgucG5nIiwic2xpZGVzaG93IjoiOTNmZWZkOSJ9\" href='https:\/\/www.sophieleleu.com\/wp-content\/uploads\/2024\/01\/Capture-decran-2024-01-04-a-14.17.38.png'><img loading=\"lazy\" decoding=\"async\" width=\"1536\" height=\"960\" src=\"https:\/\/www.sophieleleu.com\/wp-content\/uploads\/2024\/01\/Capture-decran-2024-01-04-a-14.17.38-1536x960.png\" class=\"attachment-1536x1536 size-1536x1536\" alt=\"\" srcset=\"https:\/\/www.sophieleleu.com\/wp-content\/uploads\/2024\/01\/Capture-decran-2024-01-04-a-14.17.38-1536x960.png 1536w, https:\/\/www.sophieleleu.com\/wp-content\/uploads\/2024\/01\/Capture-decran-2024-01-04-a-14.17.38-300x188.png 300w, https:\/\/www.sophieleleu.com\/wp-content\/uploads\/2024\/01\/Capture-decran-2024-01-04-a-14.17.38-1024x640.png 1024w, https:\/\/www.sophieleleu.com\/wp-content\/uploads\/2024\/01\/Capture-decran-2024-01-04-a-14.17.38-768x480.png 768w, https:\/\/www.sophieleleu.com\/wp-content\/uploads\/2024\/01\/Capture-decran-2024-01-04-a-14.17.38-2048x1280.png 2048w, https:\/\/www.sophieleleu.com\/wp-content\/uploads\/2024\/01\/Capture-decran-2024-01-04-a-14.17.38.png 1920w\" sizes=\"(max-width: 1536px) 100vw, 1536px\" \/><\/a>\n\t\t\t<\/div><\/figure><figure class='gallery-item'>\n\t\t\t<div class='gallery-icon landscape'>\n\t\t\t\t<a data-elementor-open-lightbox=\"yes\" data-elementor-lightbox-slideshow=\"93fefd9\" data-elementor-lightbox-title=\"Capture d\u00e9cran 2024-01-04 \u00e0 14.19.26\" data-e-action-hash=\"#elementor-action%3Aaction%3Dlightbox%26settings%3DeyJpZCI6OTIxOSwidXJsIjoiaHR0cHM6XC9cL3d3dy5zb3BoaWVsZWxldS5jb21cL3dwLWNvbnRlbnRcL3VwbG9hZHNcLzIwMjRcLzAxXC9DYXB0dXJlLWRlY3Jhbi0yMDI0LTAxLTA0LWEtMTQuMTkuMjYucG5nIiwic2xpZGVzaG93IjoiOTNmZWZkOSJ9\" href='https:\/\/www.sophieleleu.com\/wp-content\/uploads\/2024\/01\/Capture-decran-2024-01-04-a-14.19.26.png'><img loading=\"lazy\" decoding=\"async\" width=\"1536\" height=\"960\" src=\"https:\/\/www.sophieleleu.com\/wp-content\/uploads\/2024\/01\/Capture-decran-2024-01-04-a-14.19.26-1536x960.png\" class=\"attachment-1536x1536 size-1536x1536\" alt=\"\" srcset=\"https:\/\/www.sophieleleu.com\/wp-content\/uploads\/2024\/01\/Capture-decran-2024-01-04-a-14.19.26-1536x960.png 1536w, https:\/\/www.sophieleleu.com\/wp-content\/uploads\/2024\/01\/Capture-decran-2024-01-04-a-14.19.26-300x188.png 300w, https:\/\/www.sophieleleu.com\/wp-content\/uploads\/2024\/01\/Capture-decran-2024-01-04-a-14.19.26-1024x640.png 1024w, https:\/\/www.sophieleleu.com\/wp-content\/uploads\/2024\/01\/Capture-decran-2024-01-04-a-14.19.26-768x480.png 768w, https:\/\/www.sophieleleu.com\/wp-content\/uploads\/2024\/01\/Capture-decran-2024-01-04-a-14.19.26-2048x1280.png 2048w, https:\/\/www.sophieleleu.com\/wp-content\/uploads\/2024\/01\/Capture-decran-2024-01-04-a-14.19.26.png 1920w\" sizes=\"(max-width: 1536px) 100vw, 1536px\" \/><\/a>\n\t\t\t<\/div><\/figure><figure class='gallery-item'>\n\t\t\t<div class='gallery-icon landscape'>\n\t\t\t\t<a data-elementor-open-lightbox=\"yes\" data-elementor-lightbox-slideshow=\"93fefd9\" data-elementor-lightbox-title=\"Capture d\u00e9cran 2024-01-04 \u00e0 14.20.50\" data-e-action-hash=\"#elementor-action%3Aaction%3Dlightbox%26settings%3DeyJpZCI6OTIyMCwidXJsIjoiaHR0cHM6XC9cL3d3dy5zb3BoaWVsZWxldS5jb21cL3dwLWNvbnRlbnRcL3VwbG9hZHNcLzIwMjRcLzAxXC9DYXB0dXJlLWRlY3Jhbi0yMDI0LTAxLTA0LWEtMTQuMjAuNTAucG5nIiwic2xpZGVzaG93IjoiOTNmZWZkOSJ9\" href='https:\/\/www.sophieleleu.com\/wp-content\/uploads\/2024\/01\/Capture-decran-2024-01-04-a-14.20.50.png'><img loading=\"lazy\" decoding=\"async\" width=\"1536\" height=\"960\" src=\"https:\/\/www.sophieleleu.com\/wp-content\/uploads\/2024\/01\/Capture-decran-2024-01-04-a-14.20.50-1536x960.png\" class=\"attachment-1536x1536 size-1536x1536\" alt=\"\" srcset=\"https:\/\/www.sophieleleu.com\/wp-content\/uploads\/2024\/01\/Capture-decran-2024-01-04-a-14.20.50-1536x960.png 1536w, https:\/\/www.sophieleleu.com\/wp-content\/uploads\/2024\/01\/Capture-decran-2024-01-04-a-14.20.50-300x188.png 300w, https:\/\/www.sophieleleu.com\/wp-content\/uploads\/2024\/01\/Capture-decran-2024-01-04-a-14.20.50-1024x640.png 1024w, https:\/\/www.sophieleleu.com\/wp-content\/uploads\/2024\/01\/Capture-decran-2024-01-04-a-14.20.50-768x480.png 768w, https:\/\/www.sophieleleu.com\/wp-content\/uploads\/2024\/01\/Capture-decran-2024-01-04-a-14.20.50-2048x1280.png 2048w, https:\/\/www.sophieleleu.com\/wp-content\/uploads\/2024\/01\/Capture-decran-2024-01-04-a-14.20.50.png 1920w\" sizes=\"(max-width: 1536px) 100vw, 1536px\" \/><\/a>\n\t\t\t<\/div><\/figure><figure class='gallery-item'>\n\t\t\t<div class='gallery-icon landscape'>\n\t\t\t\t<a data-elementor-open-lightbox=\"yes\" data-elementor-lightbox-slideshow=\"93fefd9\" data-elementor-lightbox-title=\"Capture d\u00e9cran 2024-01-04 \u00e0 14.21.38\" data-e-action-hash=\"#elementor-action%3Aaction%3Dlightbox%26settings%3DeyJpZCI6OTIyMSwidXJsIjoiaHR0cHM6XC9cL3d3dy5zb3BoaWVsZWxldS5jb21cL3dwLWNvbnRlbnRcL3VwbG9hZHNcLzIwMjRcLzAxXC9DYXB0dXJlLWRlY3Jhbi0yMDI0LTAxLTA0LWEtMTQuMjEuMzgucG5nIiwic2xpZGVzaG93IjoiOTNmZWZkOSJ9\" href='https:\/\/www.sophieleleu.com\/wp-content\/uploads\/2024\/01\/Capture-decran-2024-01-04-a-14.21.38.png'><img loading=\"lazy\" decoding=\"async\" width=\"1536\" height=\"960\" src=\"https:\/\/www.sophieleleu.com\/wp-content\/uploads\/2024\/01\/Capture-decran-2024-01-04-a-14.21.38-1536x960.png\" class=\"attachment-1536x1536 size-1536x1536\" alt=\"\" srcset=\"https:\/\/www.sophieleleu.com\/wp-content\/uploads\/2024\/01\/Capture-decran-2024-01-04-a-14.21.38-1536x960.png 1536w, https:\/\/www.sophieleleu.com\/wp-content\/uploads\/2024\/01\/Capture-decran-2024-01-04-a-14.21.38-300x188.png 300w, https:\/\/www.sophieleleu.com\/wp-content\/uploads\/2024\/01\/Capture-decran-2024-01-04-a-14.21.38-1024x640.png 1024w, https:\/\/www.sophieleleu.com\/wp-content\/uploads\/2024\/01\/Capture-decran-2024-01-04-a-14.21.38-768x480.png 768w, https:\/\/www.sophieleleu.com\/wp-content\/uploads\/2024\/01\/Capture-decran-2024-01-04-a-14.21.38-2048x1280.png 2048w, https:\/\/www.sophieleleu.com\/wp-content\/uploads\/2024\/01\/Capture-decran-2024-01-04-a-14.21.38.png 1920w\" sizes=\"(max-width: 1536px) 100vw, 1536px\" \/><\/a>\n\t\t\t<\/div><\/figure>\n\t\t<\/div>\n\t\t<\/div>\n\t\t\t\t<\/div>\n\t\t\t\t<\/div>\n\t\t\t\t\t<\/div>\n\t\t\t\t<\/div>\n\t\t\t\t\t\t\t<\/div>\n\t\t","protected":false},"excerpt":{"rendered":"<p>Nancy Tang \/ Nixon in China Th\u00e9\u00e2tre du Ch\u00e2telet<\/p>\n","protected":false},"author":1,"featured_media":0,"parent":9798,"menu_order":0,"comment_status":"closed","ping_status":"closed","template":"","meta":{"footnotes":""},"class_list":["post-9826","page","type-page","status-publish","hentry"],"acf":[],"_links":{"self":[{"href":"https:\/\/www.sophieleleu.com\/en\/wp-json\/wp\/v2\/pages\/9826","targetHints":{"allow":["GET"]}}],"collection":[{"href":"https:\/\/www.sophieleleu.com\/en\/wp-json\/wp\/v2\/pages"}],"about":[{"href":"https:\/\/www.sophieleleu.com\/en\/wp-json\/wp\/v2\/types\/page"}],"author":[{"embeddable":true,"href":"https:\/\/www.sophieleleu.com\/en\/wp-json\/wp\/v2\/users\/1"}],"replies":[{"embeddable":true,"href":"https:\/\/www.sophieleleu.com\/en\/wp-json\/wp\/v2\/comments?post=9826"}],"version-history":[{"count":4,"href":"https:\/\/www.sophieleleu.com\/en\/wp-json\/wp\/v2\/pages\/9826\/revisions"}],"predecessor-version":[{"id":12279,"href":"https:\/\/www.sophieleleu.com\/en\/wp-json\/wp\/v2\/pages\/9826\/revisions\/12279"}],"up":[{"embeddable":true,"href":"https:\/\/www.sophieleleu.com\/en\/wp-json\/wp\/v2\/pages\/9798"}],"wp:attachment":[{"href":"https:\/\/www.sophieleleu.com\/en\/wp-json\/wp\/v2\/media?parent=9826"}],"curies":[{"name":"wp","href":"https:\/\/api.w.org\/{rel}","templated":true}]}}