{"id":10012,"date":"2024-01-08T20:01:56","date_gmt":"2024-01-08T19:01:56","guid":{"rendered":"https:\/\/www.sophieleleu.com\/mezzo-soprano\/directory\/"},"modified":"2025-02-12T22:55:54","modified_gmt":"2025-02-12T21:55:54","slug":"directory","status":"publish","type":"page","link":"https:\/\/www.sophieleleu.com\/en\/mezzo-soprano\/directory\/","title":{"rendered":"Directory"},"content":{"rendered":"\t\t<div data-elementor-type=\"wp-page\" data-elementor-id=\"10012\" class=\"elementor elementor-10012 elementor-4955\" data-elementor-post-type=\"page\">\n\t\t\t\t\t\t\t\t\t<section data-particle_enable=\"false\" data-particle-mobile-disabled=\"false\" class=\"elementor-section elementor-top-section elementor-element elementor-element-b3ef3d3 heroSection2  wrapper-wide elementor-section-boxed elementor-section-height-default elementor-section-height-default\" data-id=\"b3ef3d3\" data-element_type=\"section\" data-settings=\"{&quot;background_background&quot;:&quot;classic&quot;}\">\n\t\t\t\t\t\t<div class=\"elementor-container elementor-column-gap-default\">\n\t\t\t\t\t<div class=\"elementor-column elementor-col-100 elementor-top-column elementor-element elementor-element-f997e55\" data-id=\"f997e55\" data-element_type=\"column\">\n\t\t\t<div class=\"elementor-widget-wrap elementor-element-populated\">\n\t\t\t\t\t\t\t\t<div class=\"elementor-element elementor-element-8787b39 title elementor-invisible elementor-widget elementor-widget-aliothtextwrapper\" data-id=\"8787b39\" data-element_type=\"widget\" data-settings=\"{&quot;_animation&quot;:&quot;fadeIn&quot;}\" data-widget_type=\"aliothtextwrapper.default\">\n\t\t\t\t<div class=\"elementor-widget-container\">\n\t\t\t\n\n<div class=\"text-wrapper align-center\">\n\n    <h1 class=\"has-anim\" data-animation=\"linesUp\" data-duration=\"1.8\" data-delay=\"1\" data-stagger=\"0.02\">Repertoire<\/h1>\n<\/div>\n\n\n\t\t<\/div>\n\t\t\t\t<\/div>\n\t\t\t\t\t<\/div>\n\t\t<\/div>\n\t\t\t\t\t\t\t<\/div>\n\t\t<\/section>\n\t\t\t\t<section data-particle_enable=\"false\" data-particle-mobile-disabled=\"false\" class=\"elementor-section elementor-top-section elementor-element elementor-element-fa0caa3 wrapper-smaller strongPointsSection elementor-section-boxed elementor-section-height-default elementor-section-height-default\" data-id=\"fa0caa3\" data-element_type=\"section\" data-settings=\"{&quot;background_background&quot;:&quot;classic&quot;}\">\n\t\t\t\t\t\t<div class=\"elementor-container elementor-column-gap-default\">\n\t\t\t\t\t<div class=\"elementor-column elementor-col-100 elementor-top-column elementor-element elementor-element-422726e\" data-id=\"422726e\" data-element_type=\"column\">\n\t\t\t<div class=\"elementor-widget-wrap elementor-element-populated\">\n\t\t\t\t\t\t\t\t<section data-particle_enable=\"false\" data-particle-mobile-disabled=\"false\" class=\"elementor-section elementor-inner-section elementor-element elementor-element-3f4b570 strongPoints wrapper-wide elementor-section-boxed elementor-section-height-default elementor-section-height-default\" data-id=\"3f4b570\" data-element_type=\"section\">\n\t\t\t\t\t\t<div class=\"elementor-container elementor-column-gap-default\">\n\t\t\t\t\t<div class=\"elementor-column elementor-col-100 elementor-inner-column elementor-element elementor-element-cbc6e76\" data-id=\"cbc6e76\" data-element_type=\"column\">\n\t\t\t<div class=\"elementor-widget-wrap elementor-element-populated\">\n\t\t\t\t\t\t\t\t<div class=\"elementor-element elementor-element-88167cf elementor-widget elementor-widget-aliothtextwrapper\" data-id=\"88167cf\" data-element_type=\"widget\" data-widget_type=\"aliothtextwrapper.default\">\n\t\t\t\t<div class=\"elementor-widget-container\">\n\t\t\t\n\n<div class=\"text-wrapper align-left\">\n\n    <h2 class=\"has-anim\" data-animation=\"charsUp\" data-duration=\"1\" data-delay=\"0.1\" data-stagger=\"0.02\">Operas<\/h2>\n<\/div>\n\n\n\t\t<\/div>\n\t\t\t\t<\/div>\n\t\t\t\t\t<\/div>\n\t\t<\/div>\n\t\t\t\t\t\t\t<\/div>\n\t\t<\/section>\n\t\t\t\t<section data-particle_enable=\"false\" data-particle-mobile-disabled=\"false\" class=\"elementor-section elementor-inner-section elementor-element elementor-element-09e13c9 wrapper-smaller content elementor-section-boxed elementor-section-height-default elementor-section-height-default\" data-id=\"09e13c9\" data-element_type=\"section\">\n\t\t\t\t\t\t<div class=\"elementor-container elementor-column-gap-default\">\n\t\t\t\t\t<div class=\"elementor-column elementor-col-100 elementor-inner-column elementor-element elementor-element-851cb20\" data-id=\"851cb20\" data-element_type=\"column\">\n\t\t\t<div class=\"elementor-widget-wrap elementor-element-populated\">\n\t\t\t\t\t\t\t\t<div class=\"elementor-element elementor-element-a41eda5 elementor-widget elementor-widget-text-editor\" data-id=\"a41eda5\" data-element_type=\"widget\" data-widget_type=\"text-editor.default\">\n\t\t\t\t<div class=\"elementor-widget-container\">\n\t\t\t<style>\/*! elementor - v3.18.0 - 20-12-2023 *\/\n.elementor-widget-text-editor.elementor-drop-cap-view-stacked .elementor-drop-cap{background-color:#69727d;color:#fff}.elementor-widget-text-editor.elementor-drop-cap-view-framed .elementor-drop-cap{color:#69727d;border:3px solid;background-color:transparent}.elementor-widget-text-editor:not(.elementor-drop-cap-view-default) .elementor-drop-cap{margin-top:8px}.elementor-widget-text-editor:not(.elementor-drop-cap-view-default) .elementor-drop-cap-letter{width:1em;height:1em}.elementor-widget-text-editor .elementor-drop-cap{float:left;text-align:center;line-height:1;font-size:50px}.elementor-widget-text-editor .elementor-drop-cap-letter{display:inline-block}<\/style>\t\t\t\t<ul>\n<li>Ottavia, L&#8217;incorronazione di Poppea, Monteverdi<\/li>\n<li>Penelope, Il ritorno d&#8217;Ulisse in patria, Monteverdi *<\/li>\n<li>Ph\u00e8dre, Hyppolite and Aricie, Rameau<\/li>\n<li>M\u00e9d\u00e9e, M\u00e9d\u00e9e, Charpentier<\/li>\n<li>Dido, Dido and Aeneas, Purcell<\/li>\n<li>Rinaldo, Rinaldo, Handel<\/li>\n<li>Medoro, Orlando, Handel<\/li>\n<li>Sextus, Giulio Ceseare, Handel<\/li>\n<li>Ariodante, Ariodante, Handel<\/li>\n<li>Ruggiero, Alcina, Handel<\/li>\n<li>Orfeo, Orfeo ed Euridice, Gluck (It and Fr versions) *<\/li>\n<li>Cherubino, Le Nozze di Figaro, Mozart *<\/li>\n<li>Dorabella, Cosi fan tutte, Mozart<\/li>\n<li>Sextus, Anius, La Clemenza di Tito, Mozart<\/li>\n<li>Idamante, Idomeneo, Mozart<\/li>\n<li>Isabella, L&#8217;Italiana in Algeria, Rossini<\/li>\n<li>Tancredi, Tancredi, Rossini<\/li>\n<li>Giovanna Semour, Anna Bolena, Donizetti<\/li>\n<li>Sarah, Roberto Devereux, Donizetti<\/li>\n<li>Romeo, I capuletti e i Montecchi, Bellini<\/li>\n<li>Ulrica, Il ballo in Maschera, Verdi *<\/li>\n<li>Eboli, Don Carlos, Verdi<\/li>\n<li>Azucena, Il Trovatore, Verdi<\/li>\n<li>Fenena, Nabucco, Verdi<\/li>\n<li>Santuzza, Cavagliera Rusticana, Mascagni<\/li>\n<li>Le Prince, Cendrillon, Massenet<\/li>\n<li>Charlotte, Werther, Massenet<\/li>\n<li>Dalila, Samson et Dalila by Saint-Sa\u00ebns<\/li>\n<li>Dido &amp; Cassandre, Les Troyens, Berlioz<\/li>\n<li>Marguerite, La Damnation de Faust, Berlioz<\/li>\n<li>Carmen, Carmen, Bizet *<\/li>\n<li>Fr\u00e9d\u00e9gonde, Fr\u00e9d\u00e9gonde, Saint-Sa\u00ebns *<\/li>\n<li>Jacqueline, Le m\u00e9decin malgr\u00e9 lui, Gounod *<\/li>\n<li>Genevi\u00e8ve, P\u00e9lleas et M\u00e9lisande, Debussy<\/li>\n<li>Pauline, The Queen of Spades, Tchaikovsky<\/li>\n<li>Madam flora, The medium, Menotti<\/li>\n<li>Erika, Vanessa, Barber<\/li>\n<li>Orlofsky, Die fledermaus, Strauss<\/li>\n<li>Octavian, Der Rosenkavalier, Strauss<\/li>\n<\/ul>\n<ul>\n<li>Erda, Das Rheingold, Wagner<\/li>\n<\/ul>\n<ul>\n<li>Venus, Tannha\u00fcser, Wagner<\/li>\n<li>Lilian, Happy End, Weill *<\/li>\n<li>Niklausse, Les contes d&#8217;Hoffman, Offenbach<\/li>\n<li>La P\u00e9richole, La P\u00e9richole, Offenbach *<\/li>\n<li>The Grand Duchess of Gerolstein, Offenbach *<\/li>\n<li>H\u00e9l\u00e8ne, La Belle H\u00e9l\u00e8ne, Offenbach<\/li>\n<li>Candelas, El amor Brujo, Falla *<\/li>\n<li>Galath\u00e9e, Shepherdess, Pastorale, Pesson *<\/li>\n<li>Nancy Tang, Nixon in China, Adams *<\/li>\n<\/ul>\n<p><strong><em>* On-stage singing roles<\/em><\/strong><\/p>\n\t\t\t\t\t\t<\/div>\n\t\t\t\t<\/div>\n\t\t\t\t\t<\/div>\n\t\t<\/div>\n\t\t\t\t\t\t\t<\/div>\n\t\t<\/section>\n\t\t\t\t\t<\/div>\n\t\t<\/div>\n\t\t\t\t\t\t\t<\/div>\n\t\t<\/section>\n\t\t<div data-particle_enable=\"false\" data-particle-mobile-disabled=\"false\" class=\"elementor-element elementor-element-d299b49 e-flex e-con-boxed e-con e-parent\" data-id=\"d299b49\" data-element_type=\"container\" data-settings=\"{&quot;content_width&quot;:&quot;boxed&quot;}\" data-core-v316-plus=\"true\">\n\t\t\t\t\t<div class=\"e-con-inner\">\n\t\t\t\t<div class=\"elementor-element elementor-element-4f417fc imgp1 elementor-widget elementor-widget-aliothsingleimage\" data-id=\"4f417fc\" data-element_type=\"widget\" data-widget_type=\"aliothsingleimage.default\">\n\t\t\t\t<div class=\"elementor-widget-container\">\n\t\t\t\n<!--Single Image-->\n<div data-parallax=\"true\" data-parallax-type=\"directional\" class=\"single-image align-center\">\n\n    \n    <img decoding=\"async\"  alt=\"\" src=\"https:\/\/www.sophieleleu.com\/wp-content\/uploads\/2024\/11\/Portrait-paysage.jpg\">\n\n    \n<\/div>\n<!--\/Single Image-->\n\n\n\t\t<\/div>\n\t\t\t\t<\/div>\n\t\t\t\t\t<\/div>\n\t\t\t\t<\/div>\n\t\t<div data-particle_enable=\"false\" data-particle-mobile-disabled=\"false\" class=\"elementor-element elementor-element-a4e3788 e-flex e-con-boxed e-con e-parent\" data-id=\"a4e3788\" data-element_type=\"container\" data-settings=\"{&quot;background_background&quot;:&quot;classic&quot;,&quot;content_width&quot;:&quot;boxed&quot;}\" data-core-v316-plus=\"true\">\n\t\t\t\t\t<div class=\"e-con-inner\">\n\t\t<div data-particle_enable=\"false\" data-particle-mobile-disabled=\"false\" class=\"elementor-element elementor-element-ba94c0d e-flex e-con-boxed e-con e-child\" data-id=\"ba94c0d\" data-element_type=\"container\" data-settings=\"{&quot;content_width&quot;:&quot;boxed&quot;}\">\n\t\t\t\t\t<div class=\"e-con-inner\">\n\t\t<div data-particle_enable=\"false\" data-particle-mobile-disabled=\"false\" class=\"elementor-element elementor-element-da1686e e-flex e-con-boxed e-con e-child\" data-id=\"da1686e\" data-element_type=\"container\" data-settings=\"{&quot;content_width&quot;:&quot;boxed&quot;}\">\n\t\t\t\t\t<div class=\"e-con-inner\">\n\t\t\t\t<div class=\"elementor-element elementor-element-43fb7c7 elementor-widget elementor-widget-aliothtextwrapper\" data-id=\"43fb7c7\" data-element_type=\"widget\" data-widget_type=\"aliothtextwrapper.default\">\n\t\t\t\t<div class=\"elementor-widget-container\">\n\t\t\t\n\n<div class=\"text-wrapper align-left\">\n\n    <h2 class=\"has-anim\" data-animation=\"charsUp\" data-duration=\"1\" data-delay=\"0.1\" data-stagger=\"0.02\">Oratorios<\/h2>\n<\/div>\n\n\n\t\t<\/div>\n\t\t\t\t<\/div>\n\t\t\t\t<div class=\"elementor-element elementor-element-0b13443 elementor-widget elementor-widget-text-editor\" data-id=\"0b13443\" data-element_type=\"widget\" data-widget_type=\"text-editor.default\">\n\t\t\t\t<div class=\"elementor-widget-container\">\n\t\t\t\t\t\t\t<ul>\n<li>Cantate Gelosia, Rossi*<\/li>\n<li>Cantata BWV 125, Bach *<\/li>\n<li>Christmas Oratorio, Bach<\/li>\n<li>Mass in B, Bach<\/li>\n<li>St. Matthew Passion, Bach<\/li>\n<li>Petite messe solennelle, Rossini *<\/li>\n<li>Vagaus, Juditha Triumphans, Vivaldi<\/li>\n<li>Dejanira in Hercules, Handel<\/li>\n<li>Stabat mater, Haydn<\/li>\n<li>Stabat mater, Dvorak<\/li>\n<li>Cantata Alexander Nevsky, Prokofiev<\/li>\n<\/ul>\n\t\t\t\t\t\t<\/div>\n\t\t\t\t<\/div>\n\t\t\t\t\t<\/div>\n\t\t\t\t<\/div>\n\t\t<div data-particle_enable=\"false\" data-particle-mobile-disabled=\"false\" class=\"elementor-element elementor-element-945d1b6 e-flex e-con-boxed e-con e-child\" data-id=\"945d1b6\" data-element_type=\"container\" data-settings=\"{&quot;content_width&quot;:&quot;boxed&quot;}\">\n\t\t\t\t\t<div class=\"e-con-inner\">\n\t\t\t\t<div class=\"elementor-element elementor-element-e1b7cfa elementor-widget elementor-widget-aliothtextwrapper\" data-id=\"e1b7cfa\" data-element_type=\"widget\" data-widget_type=\"aliothtextwrapper.default\">\n\t\t\t\t<div class=\"elementor-widget-container\">\n\t\t\t\n\n<div class=\"text-wrapper align-left\">\n\n    <h2 class=\"has-anim\" data-animation=\"charsUp\" data-duration=\"1\" data-delay=\"0.1\" data-stagger=\"0.02\">Lieder<\/h2>\n<\/div>\n\n\n\t\t<\/div>\n\t\t\t\t<\/div>\n\t\t\t\t<div class=\"elementor-element elementor-element-958fafd elementor-widget elementor-widget-text-editor\" data-id=\"958fafd\" data-element_type=\"widget\" data-widget_type=\"text-editor.default\">\n\t\t\t\t<div class=\"elementor-widget-container\">\n\t\t\t\t\t\t\t<ul>\n<li>Brahms* Rhapsody for viola<\/li>\n<li>Mahler&#8217;s R\u00fcckert Lieder* (R\u00fcckert Lieder)<\/li>\n<li>Mahler&#8217;s Kindertotenlieder<\/li>\n<li>Various lieder by Schubert, Wolf, Brahms, Robert and Clara Schumann, Felix and Fanny Mendelssohn, Strauss, Wagner*.<\/li>\n<\/ul>\n\t\t\t\t\t\t<\/div>\n\t\t\t\t<\/div>\n\t\t\t\t\t<\/div>\n\t\t\t\t<\/div>\n\t\t\t\t\t<\/div>\n\t\t\t\t<\/div>\n\t\t<div data-particle_enable=\"false\" data-particle-mobile-disabled=\"false\" class=\"elementor-element elementor-element-96e0f58 e-flex e-con-boxed e-con e-child\" data-id=\"96e0f58\" data-element_type=\"container\" data-settings=\"{&quot;content_width&quot;:&quot;boxed&quot;}\">\n\t\t\t\t\t<div class=\"e-con-inner\">\n\t\t<div data-particle_enable=\"false\" data-particle-mobile-disabled=\"false\" class=\"elementor-element elementor-element-d0f1410 e-flex e-con-boxed e-con e-child\" data-id=\"d0f1410\" data-element_type=\"container\" data-settings=\"{&quot;content_width&quot;:&quot;boxed&quot;}\">\n\t\t\t\t\t<div class=\"e-con-inner\">\n\t\t\t\t<div class=\"elementor-element elementor-element-4bca141 elementor-widget elementor-widget-aliothtextwrapper\" data-id=\"4bca141\" data-element_type=\"widget\" data-widget_type=\"aliothtextwrapper.default\">\n\t\t\t\t<div class=\"elementor-widget-container\">\n\t\t\t\n\n<div class=\"text-wrapper align-left\">\n\n    <h2 class=\"has-anim\" data-animation=\"charsUp\" data-duration=\"1\" data-delay=\"0.1\" data-stagger=\"0.02\">Melodies<\/h2>\n<\/div>\n\n\n\t\t<\/div>\n\t\t\t\t<\/div>\n\t\t\t\t<div class=\"elementor-element elementor-element-3a48a2f elementor-widget elementor-widget-text-editor\" data-id=\"3a48a2f\" data-element_type=\"widget\" data-widget_type=\"text-editor.default\">\n\t\t\t\t<div class=\"elementor-widget-container\">\n\t\t\t\t\t\t\t<ul>\n<li>Bordes&#8217; bitter madrigals *<\/li>\n<li>Two Hebrew melodies by Ravel *<\/li>\n<li>Debussy&#8217;s Trois chansons de Bilitis* (Three Songs of Bilitis)<\/li>\n<li>Various melodies by Chausson, Poulenc, Chabrier, Duparc, Faure, Massenet, Bizet *<\/li>\n<li>Mussorgsky&#8217;s Songs and Dances of Death<\/li>\n<li>Tchaikosky* melodies<\/li>\n<li>Seven gypsy melodies by Dvorak<\/li>\n<li>Berio&#8217;s Folksongs *<\/li>\n<li>Chausson&#8217;s Chanson Perp\u00e9tuelle* (Perpetual Song)<\/li>\n<\/ul>\n<p><strong><em>*works sung on stage<\/em><\/strong><\/p>\n\t\t\t\t\t\t<\/div>\n\t\t\t\t<\/div>\n\t\t\t\t\t<\/div>\n\t\t\t\t<\/div>\n\t\t\t\t\t<\/div>\n\t\t\t\t<\/div>\n\t\t\t\t\t<\/div>\n\t\t\t\t<\/div>\n\t\t\t\t\t\t\t<\/div>\n\t\t","protected":false},"excerpt":{"rendered":"<p>Repertoire Operas Ottavia, L&#8217;incorronazione di Poppea, Monteverdi Penelope, Il ritorno d&#8217;Ulisse in patria, Monteverdi * Ph\u00e8dre, Hyppolite and Aricie, Rameau M\u00e9d\u00e9e, M\u00e9d\u00e9e, Charpentier Dido, Dido and Aeneas, Purcell Rinaldo, Rinaldo, Handel Medoro, Orlando, Handel Sextus, Giulio Ceseare, Handel Ariodante, Ariodante, Handel Ruggiero, Alcina, Handel Orfeo, Orfeo ed Euridice, Gluck (It and Fr versions) * Cherubino, [&hellip;]<\/p>\n","protected":false},"author":1,"featured_media":0,"parent":9800,"menu_order":0,"comment_status":"closed","ping_status":"closed","template":"","meta":{"footnotes":""},"class_list":["post-10012","page","type-page","status-publish","hentry"],"acf":[],"_links":{"self":[{"href":"https:\/\/www.sophieleleu.com\/en\/wp-json\/wp\/v2\/pages\/10012","targetHints":{"allow":["GET"]}}],"collection":[{"href":"https:\/\/www.sophieleleu.com\/en\/wp-json\/wp\/v2\/pages"}],"about":[{"href":"https:\/\/www.sophieleleu.com\/en\/wp-json\/wp\/v2\/types\/page"}],"author":[{"embeddable":true,"href":"https:\/\/www.sophieleleu.com\/en\/wp-json\/wp\/v2\/users\/1"}],"replies":[{"embeddable":true,"href":"https:\/\/www.sophieleleu.com\/en\/wp-json\/wp\/v2\/comments?post=10012"}],"version-history":[{"count":11,"href":"https:\/\/www.sophieleleu.com\/en\/wp-json\/wp\/v2\/pages\/10012\/revisions"}],"predecessor-version":[{"id":14065,"href":"https:\/\/www.sophieleleu.com\/en\/wp-json\/wp\/v2\/pages\/10012\/revisions\/14065"}],"up":[{"embeddable":true,"href":"https:\/\/www.sophieleleu.com\/en\/wp-json\/wp\/v2\/pages\/9800"}],"wp:attachment":[{"href":"https:\/\/www.sophieleleu.com\/en\/wp-json\/wp\/v2\/media?parent=10012"}],"curies":[{"name":"wp","href":"https:\/\/api.w.org\/{rel}","templated":true}]}}